{"id":51,"date":"2020-11-28T09:26:15","date_gmt":"2020-11-28T09:26:15","guid":{"rendered":"https:\/\/shelly.merku.love\/?page_id=51"},"modified":"2025-11-04T19:51:59","modified_gmt":"2025-11-05T00:51:59","slug":"about-us","status":"publish","type":"page","link":"https:\/\/liceogalois.co\/?page_id=51","title":{"rendered":"Sobre Nosotros"},"content":{"rendered":"\t\t<div data-elementor-type=\"wp-page\" data-elementor-id=\"51\" class=\"elementor elementor-51\">\n\t\t\t\t\t\t<section class=\"elementor-section elementor-top-section elementor-element elementor-element-d1c051c elementor-section-content-middle elementor-section-boxed elementor-section-height-default elementor-section-height-default\" data-id=\"d1c051c\" data-element_type=\"section\" data-e-type=\"section\">\n\t\t\t\t\t\t<div class=\"elementor-container elementor-column-gap-default\">\n\t\t\t\t\t<div class=\"elementor-column elementor-col-50 elementor-top-column elementor-element elementor-element-342d84d\" data-id=\"342d84d\" data-element_type=\"column\" data-e-type=\"column\">\n\t\t\t<div class=\"elementor-widget-wrap elementor-element-populated\">\n\t\t\t\t\t\t<div class=\"elementor-element elementor-element-90e6f8e elementor-widget elementor-widget-shelly-heading-split\" data-id=\"90e6f8e\" data-element_type=\"widget\" data-e-type=\"widget\" data-widget_type=\"shelly-heading-split.default\">\n\t\t\t\t<div class=\"elementor-widget-container\">\n\t\t\t\t\t        <div class=\"site-heading\">\n            <h2 class=\"shelly-heading\">\n            Bienvenidos al<br> <span>Liceo Galois<\/span>             <\/h2>\n\n                    <\/div>\n        \t\t\t\t<\/div>\n\t\t\t\t<\/div>\n\t\t\t\t<div class=\"elementor-element elementor-element-51fb038 elementor-widget elementor-widget-text-editor\" data-id=\"51fb038\" data-element_type=\"widget\" data-e-type=\"widget\" data-widget_type=\"text-editor.default\">\n\t\t\t\t\t\t\t\t\t<p>Formando j\u00f3venes conscientes, responsables, cr\u00edticos, investigadores y dotados de una cultura human\u00edstica.<\/p>\t\t\t\t\t\t\t\t<\/div>\n\t\t\t\t<div class=\"elementor-element elementor-element-e0f7d04 elementor-widget elementor-widget-progress\" data-id=\"e0f7d04\" data-element_type=\"widget\" data-e-type=\"widget\" data-widget_type=\"progress.default\">\n\t\t\t\t\t\n\t\t<div class=\"elementor-progress-wrapper\" role=\"progressbar\" aria-valuemin=\"0\" aria-valuemax=\"100\" aria-valuenow=\"100\" aria-valuetext=\"100% (Habilidades Creativas)\">\n\t\t\t<div class=\"elementor-progress-bar\" data-max=\"100\">\n\t\t\t\t<span class=\"elementor-progress-text\">Habilidades Creativas<\/span>\n\t\t\t\t\t\t\t<\/div>\n\t\t<\/div>\n\t\t\t\t\t\t<\/div>\n\t\t\t\t<div class=\"elementor-element elementor-element-507d22b elementor-widget elementor-widget-progress\" data-id=\"507d22b\" data-element_type=\"widget\" data-e-type=\"widget\" data-widget_type=\"progress.default\">\n\t\t\t\t\t\n\t\t<div class=\"elementor-progress-wrapper\" role=\"progressbar\" aria-valuemin=\"0\" aria-valuemax=\"100\" aria-valuenow=\"100\" aria-valuetext=\"100% (Ciencias y matem\u00e1ticas)\">\n\t\t\t<div class=\"elementor-progress-bar\" data-max=\"100\">\n\t\t\t\t<span class=\"elementor-progress-text\">Ciencias y matem\u00e1ticas<\/span>\n\t\t\t\t\t\t\t<\/div>\n\t\t<\/div>\n\t\t\t\t\t\t<\/div>\n\t\t\t\t\t<\/div>\n\t\t<\/div>\n\t\t\t\t<div class=\"elementor-column elementor-col-50 elementor-top-column elementor-element elementor-element-e546780\" data-id=\"e546780\" data-element_type=\"column\" data-e-type=\"column\">\n\t\t\t<div class=\"elementor-widget-wrap elementor-element-populated\">\n\t\t\t\t\t\t<div class=\"elementor-element elementor-element-00915fa fadeInUp elementor-hidden-phone elementor-widget elementor-widget-shelly-round-gallery\" data-id=\"00915fa\" data-element_type=\"widget\" data-e-type=\"widget\" data-widget_type=\"shelly-round-gallery.default\">\n\t\t\t\t<div class=\"elementor-widget-container\">\n\t\t\t\t\t        <div class=\"rounded-gallery\">\n                        <figure class=\"fadeInUp\">\n                <a\n                    data-elementor-open-lightbox=\"yes\"\n                    data-elementor-lightbox-title=\"\" href=\"http:\/\/liceogalois.co\/wp-content\/uploads\/2025\/11\/WhatsApp-Image-2025-11-03-at-07.37.14-2.jpeg\" >\n                    <img decoding=\"async\"\n                        src=\"http:\/\/liceogalois.co\/wp-content\/uploads\/2025\/11\/WhatsApp-Image-2025-11-03-at-07.37.14-2.jpeg\"\n                        alt=\"\" >\n                <\/a>\n            <\/figure>\n            <div class=\"color-accent fadeInUp\">\n                <span class=\"color-accent-motion\"><\/span>\n            <\/div>\n                        <figure class=\"fadeInUp\">\n                <a\n                    data-elementor-open-lightbox=\"yes\"\n                    data-elementor-lightbox-title=\"\" href=\"http:\/\/liceogalois.co\/wp-content\/uploads\/2025\/11\/WhatsApp-Image-2025-11-03-at-07.37.14-1.jpeg\" >\n                    <img decoding=\"async\"\n                        src=\"http:\/\/liceogalois.co\/wp-content\/uploads\/2025\/11\/WhatsApp-Image-2025-11-03-at-07.37.14-1.jpeg\"\n                        alt=\"\" >\n                <\/a>\n            <\/figure>\n            <div class=\"color-accent fadeInUp\">\n                <span class=\"color-accent-motion\"><\/span>\n            <\/div>\n                        <figure class=\"fadeInUp\">\n                <a\n                    data-elementor-open-lightbox=\"yes\"\n                    data-elementor-lightbox-title=\"\" href=\"http:\/\/liceogalois.co\/wp-content\/uploads\/2025\/11\/481782385_10227518820212448_6739974876835676402_n.jpg\" >\n                    <img decoding=\"async\"\n                        src=\"http:\/\/liceogalois.co\/wp-content\/uploads\/2025\/11\/481782385_10227518820212448_6739974876835676402_n.jpg\"\n                        alt=\"\" >\n                <\/a>\n            <\/figure>\n            <div class=\"color-accent fadeInUp\">\n                <span class=\"color-accent-motion\"><\/span>\n            <\/div>\n                    <\/div>\n        \t\t\t\t<\/div>\n\t\t\t\t<\/div>\n\t\t\t\t\t<\/div>\n\t\t<\/div>\n\t\t\t\t\t<\/div>\n\t\t<\/section>\n\t\t\t\t<section class=\"elementor-section elementor-top-section elementor-element elementor-element-576ad41 elementor-section-content-middle elementor-reverse-tablet elementor-reverse-mobile elementor-section-boxed elementor-section-height-default elementor-section-height-default\" data-id=\"576ad41\" data-element_type=\"section\" data-e-type=\"section\">\n\t\t\t\t\t\t<div class=\"elementor-container elementor-column-gap-default\">\n\t\t\t\t\t<div class=\"elementor-column elementor-col-50 elementor-top-column elementor-element elementor-element-1355c5b\" data-id=\"1355c5b\" data-element_type=\"column\" data-e-type=\"column\">\n\t\t\t<div class=\"elementor-widget-wrap elementor-element-populated\">\n\t\t\t\t\t\t<div class=\"elementor-element elementor-element-39199f7 elementor-widget elementor-widget-image\" data-id=\"39199f7\" data-element_type=\"widget\" data-e-type=\"widget\" data-widget_type=\"image.default\">\n\t\t\t\t\t\t\t\t\t\t\t\t\t\t\t<img fetchpriority=\"high\" decoding=\"async\" width=\"1024\" height=\"1024\" src=\"https:\/\/liceogalois.co\/wp-content\/uploads\/2025\/11\/481211669_2060987634346624_8774070491489794595_n-1024x1024.jpg\" class=\"attachment-large size-large wp-image-2299\" alt=\"\" srcset=\"https:\/\/liceogalois.co\/wp-content\/uploads\/2025\/11\/481211669_2060987634346624_8774070491489794595_n-1024x1024.jpg 1024w, https:\/\/liceogalois.co\/wp-content\/uploads\/2025\/11\/481211669_2060987634346624_8774070491489794595_n-300x300.jpg 300w, https:\/\/liceogalois.co\/wp-content\/uploads\/2025\/11\/481211669_2060987634346624_8774070491489794595_n-150x150.jpg 150w, https:\/\/liceogalois.co\/wp-content\/uploads\/2025\/11\/481211669_2060987634346624_8774070491489794595_n-768x768.jpg 768w, https:\/\/liceogalois.co\/wp-content\/uploads\/2025\/11\/481211669_2060987634346624_8774070491489794595_n-52x52.jpg 52w, https:\/\/liceogalois.co\/wp-content\/uploads\/2025\/11\/481211669_2060987634346624_8774070491489794595_n.jpg 1440w\" sizes=\"(max-width: 1024px) 100vw, 1024px\" \/>\t\t\t\t\t\t\t\t\t\t\t\t\t\t\t<\/div>\n\t\t\t\t\t<\/div>\n\t\t<\/div>\n\t\t\t\t<div class=\"elementor-column elementor-col-50 elementor-top-column elementor-element elementor-element-57ff016\" data-id=\"57ff016\" data-element_type=\"column\" data-e-type=\"column\">\n\t\t\t<div class=\"elementor-widget-wrap elementor-element-populated\">\n\t\t\t\t\t\t<div class=\"elementor-element elementor-element-a36195c elementor-widget elementor-widget-shelly-heading-split\" data-id=\"a36195c\" data-element_type=\"widget\" data-e-type=\"widget\" data-widget_type=\"shelly-heading-split.default\">\n\t\t\t\t<div class=\"elementor-widget-container\">\n\t\t\t\t\t        <div class=\"site-heading\">\n            <h2 class=\"shelly-heading\">\n            Misi\u00f3n <span><\/span>             <\/h2>\n\n                    <\/div>\n        \t\t\t\t<\/div>\n\t\t\t\t<\/div>\n\t\t\t\t<div class=\"elementor-element elementor-element-420145e elementor-widget elementor-widget-text-editor\" data-id=\"420145e\" data-element_type=\"widget\" data-e-type=\"widget\" data-widget_type=\"text-editor.default\">\n\t\t\t\t\t\t\t\t\t<p>El Liceo Galois es una Instituci\u00f3n Aut\u00f3noma de car\u00e1cter privado del orden local, dedicado al servicio de la Educaci\u00f3n Preescolar, B\u00e1sica Primaria, Secundaria y Media.\u00a0 <strong>Su prop\u00f3sito fundamental es formar integralmente a la juventud con buena calidad intelectual, \u00e9tica y moral, que con sus conocimientos y capacidades contribuyan al mejoramiento de la calidad de vida de su entorno.<\/strong><\/p><p>\u00a0<\/p><p>Su labor educativa se apoya en un curr\u00edculo bien dise\u00f1ado, impartido por decentes calificados\u00a0 y con actividad acad\u00e9mica permanente.\u00a0 Nuestra Instituci\u00f3n se propone la formaci\u00f3n de j\u00f3venes conscientes, responsables, cr\u00edticos, investigadores, dotados de una cultura human\u00edstica, comprometidos con los principios democr\u00e1ticos, capaces de comportarse \u00e9ticamente en la sociedad, de enfrentar acertadamente las dificultades que se pueden presentar\u00a0 en el desarrollo de sus relaciones sociales, de seguirse formando por si mismo y de asumir los retos y propuestas de cambio que demanda el dinamismo social.<\/p><p>\u00a0<\/p><p><strong>El Liceo Galois<\/strong> fomenta entre los miembros de su comunidad la igualdad social con el prop\u00f3sito de hacer un ambiente escolar propicio para el desarrollo de todas las actividades y acciones curriculares\u00a0 que conlleven al desarrollo de una mejor calidad educativa donde se tenga en cuenta la reflexi\u00f3n, la creaci\u00f3n, lo art\u00edstico y lo \u00e9tico ante todo.<\/p>\t\t\t\t\t\t\t\t<\/div>\n\t\t\t\t\t<\/div>\n\t\t<\/div>\n\t\t\t\t\t<\/div>\n\t\t<\/section>\n\t\t\t\t<section class=\"elementor-section elementor-top-section elementor-element elementor-element-b6aedb5 elementor-section-content-middle elementor-reverse-tablet elementor-reverse-mobile elementor-section-boxed elementor-section-height-default elementor-section-height-default\" data-id=\"b6aedb5\" data-element_type=\"section\" data-e-type=\"section\">\n\t\t\t\t\t\t<div class=\"elementor-container elementor-column-gap-default\">\n\t\t\t\t\t<div class=\"elementor-column elementor-col-50 elementor-top-column elementor-element elementor-element-57c0005\" data-id=\"57c0005\" data-element_type=\"column\" data-e-type=\"column\">\n\t\t\t<div class=\"elementor-widget-wrap elementor-element-populated\">\n\t\t\t\t\t\t<div class=\"elementor-element elementor-element-14b51fd elementor-widget elementor-widget-shelly-heading-split\" data-id=\"14b51fd\" data-element_type=\"widget\" data-e-type=\"widget\" data-widget_type=\"shelly-heading-split.default\">\n\t\t\t\t<div class=\"elementor-widget-container\">\n\t\t\t\t\t        <div class=\"site-heading\">\n            <h2 class=\"shelly-heading\">\n            Visi\u00f3n <span><\/span>             <\/h2>\n\n                    <\/div>\n        \t\t\t\t<\/div>\n\t\t\t\t<\/div>\n\t\t\t\t<div class=\"elementor-element elementor-element-97c233a elementor-widget elementor-widget-text-editor\" data-id=\"97c233a\" data-element_type=\"widget\" data-e-type=\"widget\" data-widget_type=\"text-editor.default\">\n\t\t\t\t\t\t\t\t\t<p>Es una parte de la Filosof\u00eda Institucional encaminada hacia lo que quiere la Instituci\u00f3n, lo que anhela y lo que aspira en el futuro, teniendo como referencia la misi\u00f3n, su perfil, su filosof\u00eda, y su curr\u00edculo para determinar puntos de llegada como objetivos, metodolog\u00eda, prop\u00f3sitos y logros alcanzables.<\/p><p>\u00a0<\/p><p>La Visi\u00f3n del <strong>Liceo Galois<\/strong> est\u00e1 enmarcada en<strong>, \u00a0mejorar la calidad acad\u00e9mica del estudiante con miras a posicionarse para el a\u00f1o 2027 como una de las mejores instituciones educativas en el municipio de Valledupar, con un alto puntaje en de las pruebas\u00a0 SABER 11, <\/strong>implantando un seguimiento riguroso en el desarrollo de las programaciones seg\u00fan est\u00e1ndares y lineamientos<strong>.<\/strong><\/p><p>\u00a0<\/p><p>En el presente milenio trataremos de ofrecer una educaci\u00f3n mas avanzada y tecnificada, una planta f\u00edsica propia para ofrecer una mejor formaci\u00f3n integral capaz de fomentar individuos mas tecnol\u00f3gicos, cient\u00edficos, creativos y con una visi\u00f3n social de convivencia, este Plantel Educativo debe seguir mejorando y fortaleci\u00e9ndose en todos sus aspectos, detectar amenazas y debilidades para luego corregirlas y alcanzar los logros prop\u00f3sitos y metas para fortalecer la Instituci\u00f3n<\/p>\t\t\t\t\t\t\t\t<\/div>\n\t\t\t\t\t<\/div>\n\t\t<\/div>\n\t\t\t\t<div class=\"elementor-column elementor-col-50 elementor-top-column elementor-element elementor-element-d146ffd\" data-id=\"d146ffd\" data-element_type=\"column\" data-e-type=\"column\">\n\t\t\t<div class=\"elementor-widget-wrap elementor-element-populated\">\n\t\t\t\t\t\t<div class=\"elementor-element elementor-element-afc3019 elementor-widget elementor-widget-image\" data-id=\"afc3019\" data-element_type=\"widget\" data-e-type=\"widget\" data-widget_type=\"image.default\">\n\t\t\t\t\t\t\t\t\t\t\t\t\t\t\t<img decoding=\"async\" width=\"698\" height=\"1024\" src=\"https:\/\/liceogalois.co\/wp-content\/uploads\/2025\/11\/481782385_10227518820212448_6739974876835676402_n-698x1024.jpg\" class=\"attachment-large size-large wp-image-2300\" alt=\"\" srcset=\"https:\/\/liceogalois.co\/wp-content\/uploads\/2025\/11\/481782385_10227518820212448_6739974876835676402_n-698x1024.jpg 698w, https:\/\/liceogalois.co\/wp-content\/uploads\/2025\/11\/481782385_10227518820212448_6739974876835676402_n-205x300.jpg 205w, https:\/\/liceogalois.co\/wp-content\/uploads\/2025\/11\/481782385_10227518820212448_6739974876835676402_n-768x1126.jpg 768w, https:\/\/liceogalois.co\/wp-content\/uploads\/2025\/11\/481782385_10227518820212448_6739974876835676402_n.jpg 873w\" sizes=\"(max-width: 698px) 100vw, 698px\" \/>\t\t\t\t\t\t\t\t\t\t\t\t\t\t\t<\/div>\n\t\t\t\t\t<\/div>\n\t\t<\/div>\n\t\t\t\t\t<\/div>\n\t\t<\/section>\n\t\t\t\t<\/div>\n\t\t","protected":false},"excerpt":{"rendered":"<p>Bienvenidos al Liceo Galois Formando j\u00f3venes conscientes, responsables, cr\u00edticos, investigadores y dotados de una cultura human\u00edstica. Habilidades Creativas Ciencias y matem\u00e1ticas Misi\u00f3n El Liceo Galois es una Instituci\u00f3n Aut\u00f3noma de car\u00e1cter privado del orden local, dedicado al servicio de la Educaci\u00f3n Preescolar, B\u00e1sica Primaria, Secundaria y Media.\u00a0 Su prop\u00f3sito fundamental es formar integralmente a la [&hellip;]<\/p>\n","protected":false},"author":1,"featured_media":0,"parent":0,"menu_order":0,"comment_status":"closed","ping_status":"closed","template":"","meta":{"footnotes":""},"class_list":["post-51","page","type-page","status-publish","hentry"],"_links":{"self":[{"href":"https:\/\/liceogalois.co\/index.php?rest_route=\/wp\/v2\/pages\/51","targetHints":{"allow":["GET"]}}],"collection":[{"href":"https:\/\/liceogalois.co\/index.php?rest_route=\/wp\/v2\/pages"}],"about":[{"href":"https:\/\/liceogalois.co\/index.php?rest_route=\/wp\/v2\/types\/page"}],"author":[{"embeddable":true,"href":"https:\/\/liceogalois.co\/index.php?rest_route=\/wp\/v2\/users\/1"}],"replies":[{"embeddable":true,"href":"https:\/\/liceogalois.co\/index.php?rest_route=%2Fwp%2Fv2%2Fcomments&post=51"}],"version-history":[{"count":7,"href":"https:\/\/liceogalois.co\/index.php?rest_route=\/wp\/v2\/pages\/51\/revisions"}],"predecessor-version":[{"id":2317,"href":"https:\/\/liceogalois.co\/index.php?rest_route=\/wp\/v2\/pages\/51\/revisions\/2317"}],"wp:attachment":[{"href":"https:\/\/liceogalois.co\/index.php?rest_route=%2Fwp%2Fv2%2Fmedia&parent=51"}],"curies":[{"name":"wp","href":"https:\/\/api.w.org\/{rel}","templated":true}]}}