{"id":163,"date":"2020-11-28T11:26:19","date_gmt":"2020-11-28T11:26:19","guid":{"rendered":"https:\/\/shelly.merku.love\/?page_id=163"},"modified":"2025-11-04T19:56:50","modified_gmt":"2025-11-05T00:56:50","slug":"contacts","status":"publish","type":"page","link":"https:\/\/liceogalois.co\/?page_id=163","title":{"rendered":"Contacto"},"content":{"rendered":"\t\t<div data-elementor-type=\"wp-page\" data-elementor-id=\"163\" class=\"elementor elementor-163\">\n\t\t\t\t\t\t<section class=\"elementor-section elementor-top-section elementor-element elementor-element-e57bdfa elementor-section-boxed elementor-section-height-default elementor-section-height-default\" data-id=\"e57bdfa\" data-element_type=\"section\" data-e-type=\"section\">\n\t\t\t\t\t\t<div class=\"elementor-container elementor-column-gap-default\">\n\t\t\t\t\t<div class=\"elementor-column elementor-col-100 elementor-top-column elementor-element elementor-element-5c67757\" data-id=\"5c67757\" data-element_type=\"column\" data-e-type=\"column\">\n\t\t\t<div class=\"elementor-widget-wrap elementor-element-populated\">\n\t\t\t\t\t\t<div class=\"elementor-element elementor-element-36507f1 elementor-widget elementor-widget-google_maps\" data-id=\"36507f1\" data-element_type=\"widget\" data-e-type=\"widget\" data-widget_type=\"google_maps.default\">\n\t\t\t\t\t\t\t<div class=\"elementor-custom-embed\">\n\t\t\t<iframe loading=\"lazy\"\n\t\t\t\t\tsrc=\"https:\/\/maps.google.com\/maps?q=colegio%20liceo%20galois&#038;t=m&#038;z=15&#038;output=embed&#038;iwloc=near\"\n\t\t\t\t\ttitle=\"colegio liceo galois\"\n\t\t\t\t\taria-label=\"colegio liceo galois\"\n\t\t\t><\/iframe>\n\t\t<\/div>\n\t\t\t\t\t\t<\/div>\n\t\t\t\t\t<\/div>\n\t\t<\/div>\n\t\t\t\t\t<\/div>\n\t\t<\/section>\n\t\t\t\t<section class=\"elementor-section elementor-top-section elementor-element elementor-element-e5bdd89 mdp-contact elementor-section-boxed elementor-section-height-default elementor-section-height-default\" data-id=\"e5bdd89\" data-element_type=\"section\" data-e-type=\"section\">\n\t\t\t\t\t\t<div class=\"elementor-container elementor-column-gap-default\">\n\t\t\t\t\t<div class=\"elementor-column elementor-col-33 elementor-top-column elementor-element elementor-element-782af81\" data-id=\"782af81\" data-element_type=\"column\" data-e-type=\"column\">\n\t\t\t<div class=\"elementor-widget-wrap elementor-element-populated\">\n\t\t\t\t\t\t<div class=\"elementor-element elementor-element-8edf1b7 elementor-widget elementor-widget-heading\" data-id=\"8edf1b7\" data-element_type=\"widget\" data-e-type=\"widget\" data-widget_type=\"heading.default\">\n\t\t\t\t\t<h3 class=\"elementor-heading-title elementor-size-default\">Cont\u00e1ctanos<\/h3>\t\t\t\t<\/div>\n\t\t\t\t<div class=\"elementor-element elementor-element-0177884 elementor-widget elementor-widget-shelly-header-icons\" data-id=\"0177884\" data-element_type=\"widget\" data-e-type=\"widget\" data-widget_type=\"shelly-header-icons.default\">\n\t\t\t\t<div class=\"elementor-widget-container\">\n\t\t\t\t\t        <div class=\"header-icons header-icons--vertical\">\n            <ul>\n                                    <li>\n                        <div class=\"contact-icon\">\n                                                    <i aria-hidden=\"true\" class=\"fas fa-phone-alt\"><\/i>                                                <\/div>\n                        <div class=\"contact-info\">\n                                                    <h6>Tel\u00e9fono<\/h6>\n                                                                                    <span>3004394389<\/span>\n                                                <\/div>\n                    <\/li>\n                                    <li>\n                        <div class=\"contact-icon\">\n                                                    <i aria-hidden=\"true\" class=\"fas fa-clock\"><\/i>                                                <\/div>\n                        <div class=\"contact-info\">\n                                                    <h6>Horarios de atenci\u00f3n al cliente<\/h6>\n                                                                                    <span>Lunes a S\u00e1bados de 8am a 11am<\/span>\n                                                <\/div>\n                    <\/li>\n                                    <li>\n                        <div class=\"contact-icon\">\n                                                    <i aria-hidden=\"true\" class=\"fas fa-map-marker-alt\"><\/i>                                                <\/div>\n                        <div class=\"contact-info\">\n                                                    <h6>Direcci\u00f3n<\/h6>\n                                                                                    <span>Valledupar, Garupal<\/span>\n                                                <\/div>\n                    <\/li>\n                            <\/ul>\n        <\/div>\n\t\t\t\t\t\t<\/div>\n\t\t\t\t<\/div>\n\t\t\t\t\t<\/div>\n\t\t<\/div>\n\t\t\t\t<div class=\"elementor-column elementor-col-66 elementor-top-column elementor-element elementor-element-9297859\" data-id=\"9297859\" data-element_type=\"column\" data-e-type=\"column\">\n\t\t\t<div class=\"elementor-widget-wrap elementor-element-populated\">\n\t\t\t\t\t\t<div class=\"elementor-element elementor-element-09bac5a elementor-widget elementor-widget-heading\" data-id=\"09bac5a\" data-element_type=\"widget\" data-e-type=\"widget\" data-widget_type=\"heading.default\">\n\t\t\t\t\t<h3 class=\"elementor-heading-title elementor-size-default\">Dejanos un mensaje<\/h3>\t\t\t\t<\/div>\n\t\t\t\t<div class=\"elementor-element elementor-element-c77c70d elementor-widget elementor-widget-shelly-cf7\" data-id=\"c77c70d\" data-element_type=\"widget\" data-e-type=\"widget\" data-widget_type=\"shelly-cf7.default\">\n\t\t\t\t<div class=\"elementor-widget-container\">\n\t\t\t\t\t\t\t\t<div class=\"cta-form\">\n            \n<div class=\"wpcf7 no-js\" id=\"wpcf7-f1779-o1\" lang=\"en-US\" dir=\"ltr\" data-wpcf7-id=\"1779\">\n<div class=\"screen-reader-response\"><p role=\"status\" aria-live=\"polite\" aria-atomic=\"true\"><\/p> <ul><\/ul><\/div>\n<form action=\"\/index.php?rest_route=%2Fwp%2Fv2%2Fpages%2F163#wpcf7-f1779-o1\" method=\"post\" class=\"wpcf7-form init\" aria-label=\"Contact form\" novalidate=\"novalidate\" data-status=\"init\">\n<fieldset class=\"hidden-fields-container\"><input type=\"hidden\" name=\"_wpcf7\" value=\"1779\" \/><input type=\"hidden\" name=\"_wpcf7_version\" value=\"6.1.5\" \/><input type=\"hidden\" name=\"_wpcf7_locale\" value=\"en_US\" \/><input type=\"hidden\" name=\"_wpcf7_unit_tag\" value=\"wpcf7-f1779-o1\" \/><input type=\"hidden\" name=\"_wpcf7_container_post\" value=\"0\" \/><input type=\"hidden\" name=\"_wpcf7_posted_data_hash\" value=\"\" \/>\n<\/fieldset>\n<label><span class=\"wpcf7-form-control-wrap\" data-name=\"your-name\"><input size=\"40\" maxlength=\"400\" class=\"wpcf7-form-control wpcf7-text wpcf7-validates-as-required\" aria-required=\"true\" aria-invalid=\"false\" placeholder=\"Nombre\" value=\"\" type=\"text\" name=\"your-name\" \/><\/span><\/label>\n\n<label><span class=\"wpcf7-form-control-wrap\" data-name=\"your-email\"><input size=\"40\" maxlength=\"400\" class=\"wpcf7-form-control wpcf7-email wpcf7-validates-as-required wpcf7-text wpcf7-validates-as-email\" aria-required=\"true\" aria-invalid=\"false\" placeholder=\"Correo\" value=\"\" type=\"email\" name=\"your-email\" \/><\/span><\/label>\n\n<label><span class=\"wpcf7-form-control-wrap\" data-name=\"your-message\"><textarea cols=\"40\" rows=\"10\" maxlength=\"2000\" class=\"wpcf7-form-control wpcf7-textarea\" aria-invalid=\"false\" placeholder=\"Mensaje\" name=\"your-message\"><\/textarea><\/span><\/label>\n\n<input class=\"wpcf7-form-control wpcf7-submit has-spinner\" type=\"submit\" value=\"Enviar\" \/><p style=\"display: none !important;\" class=\"akismet-fields-container\" data-prefix=\"_wpcf7_ak_\"><label>&#916;<textarea name=\"_wpcf7_ak_hp_textarea\" cols=\"45\" rows=\"8\" maxlength=\"100\"><\/textarea><\/label><input type=\"hidden\" id=\"ak_js_1\" name=\"_wpcf7_ak_js\" value=\"221\"\/><script>document.getElementById( \"ak_js_1\" ).setAttribute( \"value\", ( new Date() ).getTime() );<\/script><\/p><div class=\"wpcf7-response-output\" aria-hidden=\"true\"><\/div>\n<\/form>\n<\/div>\n\t\t\t<\/div>\n\t\t\t\t\t\t<\/div>\n\t\t\t\t<\/div>\n\t\t\t\t\t<\/div>\n\t\t<\/div>\n\t\t\t\t\t<\/div>\n\t\t<\/section>\n\t\t\t\t<\/div>\n\t\t","protected":false},"excerpt":{"rendered":"<p>Cont\u00e1ctanos Tel\u00e9fono 3004394389 Horarios de atenci\u00f3n al cliente Lunes a S\u00e1bados de 8am a 11am Direcci\u00f3n Valledupar, Garupal Dejanos un mensaje &#916;<\/p>\n","protected":false},"author":1,"featured_media":0,"parent":0,"menu_order":0,"comment_status":"closed","ping_status":"closed","template":"","meta":{"footnotes":""},"class_list":["post-163","page","type-page","status-publish","hentry"],"_links":{"self":[{"href":"https:\/\/liceogalois.co\/index.php?rest_route=\/wp\/v2\/pages\/163","targetHints":{"allow":["GET"]}}],"collection":[{"href":"https:\/\/liceogalois.co\/index.php?rest_route=\/wp\/v2\/pages"}],"about":[{"href":"https:\/\/liceogalois.co\/index.php?rest_route=\/wp\/v2\/types\/page"}],"author":[{"embeddable":true,"href":"https:\/\/liceogalois.co\/index.php?rest_route=\/wp\/v2\/users\/1"}],"replies":[{"embeddable":true,"href":"https:\/\/liceogalois.co\/index.php?rest_route=%2Fwp%2Fv2%2Fcomments&post=163"}],"version-history":[{"count":7,"href":"https:\/\/liceogalois.co\/index.php?rest_route=\/wp\/v2\/pages\/163\/revisions"}],"predecessor-version":[{"id":2335,"href":"https:\/\/liceogalois.co\/index.php?rest_route=\/wp\/v2\/pages\/163\/revisions\/2335"}],"wp:attachment":[{"href":"https:\/\/liceogalois.co\/index.php?rest_route=%2Fwp%2Fv2%2Fmedia&parent=163"}],"curies":[{"name":"wp","href":"https:\/\/api.w.org\/{rel}","templated":true}]}}